{"id":881,"date":"2026-04-12T01:23:53","date_gmt":"2026-04-12T01:23:53","guid":{"rendered":"https:\/\/hsxsmarthome.com\/?post_type=product&#038;p=881"},"modified":"2026-04-16T06:33:03","modified_gmt":"2026-04-16T06:33:03","slug":"%d8%b4%d8%a7%d8%b4%d8%a9-%d8%b1%d8%a6%d9%8a%d8%b3%d9%8a%d8%a9-%d8%aa%d8%b9%d9%85%d9%84-%d8%a8%d8%a7%d9%84%d9%84%d9%85%d8%b3-%d9%85%d9%82%d8%a7%d8%b3-4-%d8%a8%d9%88%d8%b5%d8%a9-knx-4-%d8%a8%d9%88%d8%b5","status":"publish","type":"product","link":"https:\/\/hsxsmarthome.com\/ar\/product\/4inch-knx-touch-screen-home\/","title":{"rendered":"\u0634\u0627\u0634\u0629 KNX \u062a\u0639\u0645\u0644 \u0628\u0627\u0644\u0644\u0645\u0633 4 \u0628\u0648\u0635\u0629 KNX-\u0645\u0646\u0632\u0644\u064a\u0629"},"content":{"rendered":"<div class=\"manual-box\">\n<div class=\"manual-item\">\n<div>\n<div class=\"manual-name\">\u0648\u0635\u0644\u0629 K4 K4 KNX \u0628\u0634\u0627\u0634\u0629 \u062a\u0639\u0645\u0644 \u0628\u0627\u0644\u0644\u0645\u0633-\u0635\u0646\u062f\u0648\u0642 \u062e\u0644\u0641\u064a<\/div>\n<div class=\"manual-info\">PDF - 461 \u0643\u064a\u0644\u0648\u0628\u0627\u064a\u062a<\/div>\n<\/div>\n<p><a class=\"manual-btn\" href=\"https:\/\/hsxsmarthome.com\/wp-content\/uploads\/2026\/04\/K4-KNX-touch-screen-backbox-connection.pdf\" target=\"_blank\" rel=\"noopener\" download=\"\">\u062a\u0646\u0632\u064a\u0644<\/a><\/p>\n<\/div>\n<\/div>\n<table>\n<tbody>\n<tr>\n<td colspan=\"2\" width=\"568\"><strong>\u0644\u0648\u062d\u0629 \u0644\u0645\u0633 KNX \u0645\u0642\u0627\u0633 4 \u0628\u0648\u0635\u0629<\/strong><\/td>\n<\/tr>\n<tr>\n<td width=\"193\"><strong>\u0646\u0638\u0627\u0645 \u0627\u0644\u062a\u0634\u063a\u064a\u0644<\/strong><\/td>\n<td width=\"374\">\u0623\u0646\u062f\u0631\u0648\u064a\u062f 8.1<\/td>\n<\/tr>\n<tr>\n<td width=\"193\"><strong>\u0648\u062d\u062f\u0629 \u0627\u0644\u0645\u0639\u0627\u0644\u062c\u0629 \u0627\u0644\u0645\u0631\u0643\u0632\u064a\u0629<\/strong><\/td>\n<td width=\"374\">\u0631\u0628\u0627\u0639\u064a \u0627\u0644\u0646\u0648\u0627\u0629\u060c \u0643\u0648\u0631\u062a\u064a\u0643\u0633 1.5 \u062c\u064a\u062c\u0627\u0647\u0631\u062a\u0632<\/td>\n<\/tr>\n<tr>\n<td width=\"193\"><strong>\u0630\u0627\u0643\u0631\u0629 \u0648\u0635\u0648\u0644 \u0639\u0634\u0648\u0627\u0626\u064a (RAM) + \u0630\u0627\u0643\u0631\u0629 ROM<\/strong><\/td>\n<td width=\"374\">1 \u062c\u064a\u062c\u0627\u0628\u0627\u064a\u062a + 8 \u062c\u064a\u062c\u0627\u0628\u0627\u064a\u062a<\/td>\n<\/tr>\n<tr>\n<td width=\"193\"><strong>\u0627\u0644\u0634\u0627\u0634\u0629<\/strong><\/td>\n<td width=\"374\">4 \u0628\u0648\u0635\u0629 480*480\u060c IPS\u060c \u0645\u062a\u0639\u062f\u062f\u0629 \u0627\u0644\u0644\u0645\u0633<\/td>\n<\/tr>\n<tr>\n<td width=\"193\"><strong>\u0645\u064a\u0643\u0631\u0648\u0641\u0648\u0646<\/strong><\/td>\n<td width=\"374\">\u0645\u0635\u0641\u0648\u0641\u0629 \u062e\u0637 2 \u0645\u064a\u0643\u0631\u0648\u0641\u0648\u0646<\/td>\n<\/tr>\n<tr>\n<td width=\"193\"><strong>\u0645\u0643\u0628\u0631 \u0635\u0648\u062a \u0645\u062f\u0645\u062c<\/strong><\/td>\n<td width=\"374\">1 \u00d7 2 \u0648\u0627\u062a<\/td>\n<\/tr>\n<tr>\n<td width=\"193\"><strong>\u0628\u0644\u0648\u062a\u0648\u062b<\/strong><\/td>\n<td width=\"374\">5.0<\/td>\n<\/tr>\n<tr>\n<td width=\"193\"><strong>\u0627\u0644\u0648\u0627\u064a \u0641\u0627\u064a<\/strong><\/td>\n<td width=\"374\">\u0628\u0631\u0648\u062a\u0648\u0643\u0648\u0644 802.11b\/g\/n \u0627\u0644\u0644\u0627\u0633\u0644\u0643\u064a\u060c 150 \u0645\u064a\u062c\u0627\u0628\u062a \u0641\u064a \u0627\u0644\u062b\u0627\u0646\u064a\u0629 2.4 \u062c\u064a\u062c\u0627 \u0647\u0631\u062a\u0632<\/td>\n<\/tr>\n<tr>\n<td width=\"193\"><strong>\u0625\u064a\u062b\u0631\u0646\u062a<\/strong><\/td>\n<td width=\"374\">RJ45\u060c 10M\/100M Ethernet \u0645\u062a\u0643\u064a\u0641 \u0645\u0639 \u0625\u064a\u062b\u0631\u0646\u062a 10M\/100M<\/td>\n<\/tr>\n<tr>\n<td rowspan=\"2\" width=\"193\"><strong>\u0627\u0644\u0648\u0627\u062c\u0647\u0629<\/strong><\/td>\n<td width=\"374\">USB-C: \u0627\u0644\u062f\u0639\u0645\u060c \u0628\u062d\u062f \u0623\u0642\u0635\u0649 32G<\/td>\n<\/tr>\n<tr>\n<td width=\"374\">TF: \u0627\u0644\u062f\u0639\u0645\u060c 32G \u0643\u062d\u062f \u0623\u0642\u0635\u0649<\/td>\n<\/tr>\n<tr>\n<td rowspan=\"2\" width=\"193\"><strong>\u0645\u0632\u0648\u062f \u0627\u0644\u0637\u0627\u0642\u0629<\/strong><\/td>\n<td width=\"374\">\u062c\u0647\u062f \u0646\u0627\u0642\u0644 KNX: 24 \u0641\u0648\u0644\u062a<\/td>\n<\/tr>\n<tr>\n<td width=\"374\">\u0645\u0635\u062f\u0631 \u0627\u0644\u0625\u0645\u062f\u0627\u062f \u0627\u0644\u0625\u0636\u0627\u0641\u064a: \u062a\u064a\u0627\u0631 \u0645\u0633\u062a\u0645\u0631 12 \u0641\u0648\u0644\u062a ~ 36 \u0641\u0648\u0644\u062a<\/td>\n<\/tr>\n<tr>\n<td width=\"193\"><strong>\u062f\u0631\u062c\u0629 \u062d\u0631\u0627\u0631\u0629 \u0627\u0644\u0639\u0645\u0644<\/strong><\/td>\n<td width=\"374\">0\u2103 ~40\u2103<\/td>\n<\/tr>\n<tr>\n<td width=\"193\"><strong>\u0631\u0637\u0648\u0628\u0629 \u0627\u0644\u0639\u0645\u0644<\/strong><\/td>\n<td width=\"374\">\u226490% RH<\/td>\n<\/tr>\n<tr>\n<td width=\"193\"><strong>\u062f\u0631\u062c\u0629 \u062d\u0631\u0627\u0631\u0629 \u0627\u0644\u062a\u062e\u0632\u064a\u0646<\/strong><\/td>\n<td width=\"374\">-20\u2103 ~60\u2103<\/td>\n<\/tr>\n<tr>\n<td width=\"193\"><strong>\u0627\u0644\u0648\u0632\u0646 \u0627\u0644\u0635\u0627\u0641\u064a (\u062c\u0645)<\/strong><\/td>\n<td width=\"374\">220<\/td>\n<\/tr>\n<tr>\n<td width=\"193\"><strong>\u0627\u0644\u0623\u0628\u0639\u0627\u062f<\/strong><\/td>\n<td width=\"374\">86\u00d786\u00d786\u00d711.3 \u0645\u0645\u060c \u0628\u062f\u0648\u0646 \u0635\u0646\u062f\u0648\u0642 \u062e\u0644\u0641\u064a<\/td>\n<\/tr>\n<tr>\n<td width=\"193\"><strong>\u0627\u0644\u062a\u0631\u0643\u064a\u0628<\/strong><\/td>\n<td width=\"374\">\u0627\u0644\u0635\u0646\u062f\u0648\u0642 \u0627\u0644\u062e\u0644\u0641\u064a \u0627\u0644\u0642\u064a\u0627\u0633\u064a \u0644\u0644\u0627\u062a\u062d\u0627\u062f \u0627\u0644\u0623\u0648\u0631\u0648\u0628\u064a<\/td>\n<\/tr>\n<\/tbody>\n<\/table>","protected":false},"excerpt":{"rendered":"<p>\u0634\u0627\u0634\u0629 KNX \u062a\u0639\u0645\u0644 \u0628\u0627\u0644\u0644\u0645\u0633 \u0645\u0642\u0627\u0633 4 \u0628\u0648\u0635\u0629<br \/>\n4 \u2033 \u0644\u0648\u062d\u0629 KNX \u062a\u0639\u0645\u0644 \u0628\u0627\u0644\u0644\u0645\u0633 \u0628\u062f\u0642\u0629 480 \u00d7 480<br \/>\n\u062a\u062a\u0645\u064a\u0651\u0632 \u0644\u0648\u062d\u0629 KNX \u0627\u0644\u062a\u064a \u062a\u0639\u0645\u0644 \u0628\u0627\u0644\u0644\u0645\u0633 \u0645\u0642\u0627\u0633 4 \u0628\u0648\u0635\u0627\u062a \u0628\u0634\u0627\u0634\u0629 \u0639\u0631\u0636 \u0639\u0627\u0644\u064a\u0629 \u0627\u0644\u062f\u0642\u0629 480\u00d7480\u060c \u0645\u0635\u0645\u0645\u0629 \u0644\u0623\u0646\u0638\u0645\u0629 \u0627\u0644\u062a\u0634\u063a\u064a\u0644 \u0627\u0644\u0622\u0644\u064a \u0644\u0644\u0645\u0646\u0632\u0644 \u0627\u0644\u0630\u0643\u064a \u0648\u0627\u0644\u0645\u0628\u0627\u0646\u064a.<\/p>\n<h4>\u0627\u0644\u0645\u064a\u0632\u0627\u062a \u0627\u0644\u0631\u0626\u064a\u0633\u064a\u0629<\/h4>\n<h5>1. \u0648\u0638\u0627\u0626\u0641 \u0627\u0644\u062a\u062d\u0643\u0645 \u0627\u0644\u0643\u0627\u0645\u0644\u0629 \u0641\u064a KNX<\/h5>\n<p>\u062a\u062f\u0639\u0645 \u0644\u0648\u062d\u0629 \u0627\u0644\u062a\u062d\u0643\u0645 KNX \u0627\u0644\u0645\u062a\u0642\u062f\u0645\u0629 \u0647\u0630\u0647 \u0627\u0644\u062a\u062d\u0643\u0645 \u0627\u0644\u0623\u0648\u062a\u0648\u0645\u0627\u062a\u064a\u0643\u064a \u0627\u0644\u0634\u0627\u0645\u0644 \u0641\u064a \u0627\u0644\u0645\u0628\u0627\u0646\u064a:<\/p>\n<ul>\n<li>\u0627\u0644\u062a\u062d\u0643\u0645 \u0641\u064a \u0627\u0644\u0625\u0636\u0627\u0621\u0629 (256 \u0642\u0646\u0627\u0629): \u0645\u0641\u0627\u062a\u064a\u062d \u062a\u0628\u062f\u064a\u0644\u060c \u0648\u0623\u0636\u0648\u0627\u0621 \u062e\u0627\u0641\u062a\u0629\u060c \u0648\u0623\u0628\u064a\u0636 \u0642\u0627\u0628\u0644 \u0644\u0644\u0636\u0628\u0637\u060c \u0648\u062f\u0631\u062c\u0629 \u062d\u0631\u0627\u0631\u0629 \u0627\u0644\u0644\u0648\u0646 \u0627\u0644\u0645\u0632\u062f\u0648\u062c\u0629\u060c \u0648\u0625\u0636\u0627\u0621\u0629 RGB<\/li>\n<li>\u0627\u0644\u062a\u062d\u0643\u0645 \u0641\u064a \u0627\u0644\u0633\u062a\u0627\u0626\u0631 (32 \u0642\u0646\u0627\u0629): \u0641\u062a\u062d\/\u0625\u063a\u0644\u0627\u0642 \u0627\u0644\u0633\u062a\u0627\u0626\u0631 \u0648\u0627\u0644\u0633\u062a\u0627\u0626\u0631 \u0627\u0644\u0641\u064a\u0646\u064a\u0633\u064a\u0629<\/li>\n<li>\u0627\u0644\u062a\u062d\u0643\u0645 \u0641\u064a \u0627\u0644\u062a\u062f\u0641\u0626\u0629 \u0648\u0627\u0644\u062a\u0647\u0648\u064a\u0629 \u0648\u062a\u0643\u064a\u064a\u0641 \u0627\u0644\u0647\u0648\u0627\u0621 (32 \u0642\u0646\u0627\u0629): \u062a\u0643\u064a\u064a\u0641 \u0627\u0644\u0647\u0648\u0627\u0621 \u0648\u0627\u0644\u062a\u062f\u0641\u0626\u0629 \u0627\u0644\u0623\u0631\u0636\u064a\u0629 \u0648\u0623\u0646\u0638\u0645\u0629 \u062a\u0647\u0648\u064a\u0629 \u0627\u0644\u0647\u0648\u0627\u0621 \u0627\u0644\u0646\u0642\u064a<\/li>\n<li>\u0627\u0644\u062a\u062d\u0643\u0645 \u0641\u064a \u0627\u0644\u0645\u0634\u0647\u062f (128 \u0645\u0634\u0647\u062f\u0627\u064b): \u0645\u0634\u0627\u0647\u062f \u0623\u062a\u0645\u062a\u0629 \u0645\u062e\u0635\u0635\u0629 \u0644\u0628\u064a\u0626\u0627\u062a \u0645\u062e\u062a\u0644\u0641\u0629 \u0645\u062b\u0644 \u0627\u0644\u0645\u0646\u0632\u0644 \u0648\u0627\u0644\u0641\u0646\u062f\u0642 \u0648\u0627\u0644\u0645\u0643\u062a\u0628<\/li>\n<\/ul>\n<h5>2. \u062e\u064a\u0627\u0631\u0627\u062a \u0627\u0644\u062a\u062e\u0635\u064a\u0635 (\u064a\u062a\u0648\u0641\u0631 \u062a\u0635\u0646\u064a\u0639 \u0627\u0644\u0645\u0639\u062f\u0627\u062a \u0627\u0644\u0623\u0635\u0644\u064a\u0629\/\u0627\u0644\u062a\u0635\u0646\u064a\u0639 \u062d\u0633\u0628 \u0627\u0644\u0637\u0644\u0628)<\/h5>\n<ul>\n<li>\u062a\u062e\u0635\u064a\u0635 \u0627\u0644\u0631\u0633\u0648\u0645 \u0627\u0644\u0645\u062a\u062d\u0631\u0643\u0629 \u0644\u0644\u062a\u0645\u0647\u064a\u062f (\u0627\u0644\u0631\u0633\u0648\u0645 \u0627\u0644\u0645\u062a\u062d\u0631\u0643\u0629 \u0644\u0634\u0639\u0627\u0631 \u0628\u062f\u0621 \u0627\u0644\u062a\u0634\u063a\u064a\u0644)<\/li>\n<li>\u062a\u062e\u0635\u064a\u0635 \u0627\u0644\u0634\u0639\u0627\u0631 \u0644\u0645\u0634\u0627\u0631\u064a\u0639 \u0627\u0644\u0639\u0644\u0627\u0645\u0627\u062a \u0627\u0644\u062a\u062c\u0627\u0631\u064a\u0629<\/li>\n<li>\u062a\u062e\u0635\u064a\u0635 \u0648\u0627\u062c\u0647\u0629 \u0627\u0644\u0645\u0633\u062a\u062e\u062f\u0645 \u0645\u062a\u0627\u062d \u0644\u0637\u0644\u0628\u0627\u062a \u062a\u0635\u0646\u064a\u0639 \u0627\u0644\u0645\u0639\u062f\u0627\u062a \u0627\u0644\u0623\u0635\u0644\u064a\u0629\/\u0627\u0644\u062a\u0635\u0646\u064a\u0639 \u062d\u0633\u0628 \u0627\u0644\u0637\u0644\u0628<\/li>\n<\/ul>\n<h5>3. \u0627\u0644\u062a\u0631\u0643\u064a\u0628 \u0648\u0627\u0644\u062a\u0648\u0627\u0641\u0642<\/h5>\n<ul>\n<li>\u0627\u0644\u062a\u062b\u0628\u064a\u062a \u0639\u0644\u0649 \u0627\u0644\u062d\u0627\u0626\u0637 \u0645\u0639 \u062f\u0639\u0627\u0645\u0629 \u062a\u062b\u0628\u064a\u062a \u0639\u0644\u0649 \u0627\u0644\u062d\u0627\u0626\u0637<\/li>\n<li>\u064a\u0646\u0627\u0633\u0628 \u0627\u0644\u0635\u0646\u0627\u062f\u064a\u0642 \u0627\u0644\u062d\u0627\u0626\u0637\u064a\u0629 \u0627\u0644\u0642\u064a\u0627\u0633\u064a\u0629 \u0644\u0644\u0627\u062a\u062d\u0627\u062f \u0627\u0644\u0623\u0648\u0631\u0648\u0628\u064a \u0645\u0642\u0627\u0633 60 \u0645\u0645<\/li>\n<\/ul>","protected":false},"featured_media":882,"template":"","meta":[],"product_brand":[],"product_cat":[32],"product_tag":[46,42,40,44,43,39,45,41],"class_list":{"0":"post-881","1":"product","2":"type-product","3":"status-publish","4":"has-post-thumbnail","6":"product_cat-knx-smart","7":"product_tag-customized-knx-touch-screen","8":"product_tag-knx-building-automation-panel","9":"product_tag-knx-control-panel","10":"product_tag-knx-hvac-control","11":"product_tag-knx-lighting-control-system","12":"product_tag-knx-touch-panel","13":"product_tag-oem-knx-panel","14":"product_tag-smart-home-control-screen","16":"first","17":"instock","18":"shipping-taxable","19":"product-type-simple"},"_links":{"self":[{"href":"https:\/\/hsxsmarthome.com\/ar\/wp-json\/wp\/v2\/product\/881","targetHints":{"allow":["GET"]}}],"collection":[{"href":"https:\/\/hsxsmarthome.com\/ar\/wp-json\/wp\/v2\/product"}],"about":[{"href":"https:\/\/hsxsmarthome.com\/ar\/wp-json\/wp\/v2\/types\/product"}],"wp:featuredmedia":[{"embeddable":true,"href":"https:\/\/hsxsmarthome.com\/ar\/wp-json\/wp\/v2\/media\/882"}],"wp:attachment":[{"href":"https:\/\/hsxsmarthome.com\/ar\/wp-json\/wp\/v2\/media?parent=881"}],"wp:term":[{"taxonomy":"product_brand","embeddable":true,"href":"https:\/\/hsxsmarthome.com\/ar\/wp-json\/wp\/v2\/product_brand?post=881"},{"taxonomy":"product_cat","embeddable":true,"href":"https:\/\/hsxsmarthome.com\/ar\/wp-json\/wp\/v2\/product_cat?post=881"},{"taxonomy":"product_tag","embeddable":true,"href":"https:\/\/hsxsmarthome.com\/ar\/wp-json\/wp\/v2\/product_tag?post=881"}],"curies":[{"name":"\u062f\u0628\u0644\u064a\u0648 \u0628\u064a","href":"https:\/\/api.w.org\/{rel}","templated":true}]}}