{"id":553,"date":"2026-04-03T03:38:37","date_gmt":"2026-04-03T03:38:37","guid":{"rendered":"https:\/\/hsxsmarthome.com\/?post_type=product&#038;p=553"},"modified":"2026-04-15T02:32:36","modified_gmt":"2026-04-15T02:32:36","slug":"1-%d9%84%d9%88%d8%ad%d8%a9-%d9%85%d8%b6%d8%ae%d9%85-%d8%b5%d9%88%d8%aa-%d8%ad%d8%a7%d8%a6%d8%b7-%d8%a8%d9%84%d9%88%d8%aa%d9%88%d8%ab-%d8%b5%d8%ba%d9%8a%d8%b1-%d9%85%d9%82%d8%a7%d8%b3-9-%d8%a8%d9%88","status":"publish","type":"product","link":"https:\/\/hsxsmarthome.com\/ar\/product\/1-9-inch-mini-bluetooth-wall-amplifier-panel-xy-e\/","title":{"rendered":"\u0644\u0648\u062d\u0629 \u0645\u0636\u062e\u0645 \u0635\u0648\u062a \u062c\u062f\u0627\u0631\u064a \u0635\u063a\u064a\u0631 \u064a\u0639\u0645\u0644 \u0628\u062a\u0642\u0646\u064a\u0629 Bluetooth \u0645\u0642\u0627\u0633 1.9 \u0628\u0648\u0635\u0629 -XY-E"},"content":{"rendered":"<p><img fetchpriority=\"high\" decoding=\"async\" class=\"alignnone wp-image-576\" src=\"https:\/\/hsxsmarthome.com\/wp-content\/uploads\/2026\/03\/1-9-inch-Mini-Bluetooth-Wall-Amplifier-panel-XY-E.jpg\" alt=\"\" width=\"800\" height=\"800\" srcset=\"https:\/\/hsxsmarthome.com\/wp-content\/uploads\/2026\/03\/1-9-inch-Mini-Bluetooth-Wall-Amplifier-panel-XY-E.jpg 1024w, https:\/\/hsxsmarthome.com\/wp-content\/uploads\/2026\/03\/1-9-inch-Mini-Bluetooth-Wall-Amplifier-panel-XY-E-300x300.jpg 300w, https:\/\/hsxsmarthome.com\/wp-content\/uploads\/2026\/03\/1-9-inch-Mini-Bluetooth-Wall-Amplifier-panel-XY-E-150x150.jpg 150w, https:\/\/hsxsmarthome.com\/wp-content\/uploads\/2026\/03\/1-9-inch-Mini-Bluetooth-Wall-Amplifier-panel-XY-E-768x768.jpg 768w, https:\/\/hsxsmarthome.com\/wp-content\/uploads\/2026\/03\/1-9-inch-Mini-Bluetooth-Wall-Amplifier-panel-XY-E-12x12.jpg 12w, https:\/\/hsxsmarthome.com\/wp-content\/uploads\/2026\/03\/1-9-inch-Mini-Bluetooth-Wall-Amplifier-panel-XY-E-600x600.jpg 600w, https:\/\/hsxsmarthome.com\/wp-content\/uploads\/2026\/03\/1-9-inch-Mini-Bluetooth-Wall-Amplifier-panel-XY-E-800x800.jpg 800w, https:\/\/hsxsmarthome.com\/wp-content\/uploads\/2026\/03\/1-9-inch-Mini-Bluetooth-Wall-Amplifier-panel-XY-E-100x100.jpg 100w\" sizes=\"(max-width: 800px) 100vw, 800px\" \/><\/p>\n<p><img decoding=\"async\" class=\"alignnone size-full wp-image-556\" src=\"https:\/\/hsxsmarthome.com\/wp-content\/uploads\/2026\/03\/86E-1.jpg\" alt=\"\" width=\"800\" height=\"800\" srcset=\"https:\/\/hsxsmarthome.com\/wp-content\/uploads\/2026\/03\/86E-1.jpg 800w, https:\/\/hsxsmarthome.com\/wp-content\/uploads\/2026\/03\/86E-1-300x300.jpg 300w, https:\/\/hsxsmarthome.com\/wp-content\/uploads\/2026\/03\/86E-1-150x150.jpg 150w, https:\/\/hsxsmarthome.com\/wp-content\/uploads\/2026\/03\/86E-1-768x768.jpg 768w, https:\/\/hsxsmarthome.com\/wp-content\/uploads\/2026\/03\/86E-1-12x12.jpg 12w, https:\/\/hsxsmarthome.com\/wp-content\/uploads\/2026\/03\/86E-1-600x600.jpg 600w, https:\/\/hsxsmarthome.com\/wp-content\/uploads\/2026\/03\/86E-1-100x100.jpg 100w\" sizes=\"(max-width: 800px) 100vw, 800px\" \/><\/p>","protected":false},"excerpt":{"rendered":"<p><strong>\u0627\u0644\u0645\u0648\u0627\u0635\u0641\u0627\u062a:<\/strong><\/p>\n<ul>\n<li>\u0634\u0627\u0634\u0629 \u0645\u0644\u0648\u0646\u0629 IPS \u0645\u0642\u0627\u0633 1.9 \u0628\u0648\u0635\u0629 \u0628\u062f\u0642\u0629 80\u00d7160<\/li>\n<li>\u0645\u0641\u062a\u0627\u062d \u0627\u0644\u0644\u0645\u0633<\/li>\n<li>\u0648\u0636\u0639 \u0627\u0644\u0625\u0645\u062f\u0627\u062f \u0628\u0627\u0644\u0637\u0627\u0642\u0629: \u062a\u064a\u0627\u0631 \u0645\u062a\u0631\u062f\u062f 110-250 \u0641\u0648\u0644\u062a \u062a\u064a\u0627\u0631 \u0645\u062a\u0631\u062f\u062f 110-250 \u0641\u0648\u0644\u062a<\/li>\n<li>\u0637\u0627\u0642\u0629 \u0627\u0644\u062e\u0631\u062c: 2* (10-25 \u0648\u0627\u0637) \u0623\u0648 4* (10-20 \u0648\u0627\u0637) (\u0645\u0636\u062e\u0645 \u0637\u0627\u0642\u0629 \u0631\u0642\u0645\u064a)<\/li>\n<li>\u0645\u062c\u0645\u0648\u0639\u0629 \u0648\u0627\u062d\u062f\u0629 \u0645\u0646 \u0627\u0644\u0645\u062f\u062e\u0644\u0627\u062a \u0627\u0644\u0635\u0648\u062a\u064a\u0629\u061b \u0625\u062e\u0631\u0627\u062c \u0645\u062c\u0645\u0648\u0639\u0629<\/li>\n<li>\u0627\u0644\u0628\u0644\u0648\u062a\u0648\u062b: \u0627\u0644\u062f\u0639\u0645<\/li>\n<li>\u0631\u0627\u062f\u064a\u0648 FM<\/li>\n<li>\u064a\u062f\u0639\u0645 \u062a\u0634\u063a\u064a\u0644 \u0628\u0637\u0627\u0642\u0629 TF \u0648USB<\/li>\n<li>\u0637\u0631\u064a\u0642\u0629 \u0627\u0644\u062a\u0631\u0643\u064a\u0628: 86 \u0635\u0646\u062f\u0648\u0642 \u062a\u0648\u0635\u064a\u0644 \u0642\u064a\u0627\u0633\u064a 86\u060c \u062a\u0645 \u062a\u0631\u0643\u064a\u0628\u0647 \u0645\u0646 \u0642\u0628\u0644<\/li>\n<li>\u062d\u062c\u0645 \u0627\u0644\u0645\u0646\u062a\u062c: 86 \u00d7 86 \u00d7 86 \u00d7 11 \u0645\u0645<\/li>\n<\/ul>\n<p>&nbsp;<\/p>\n<p><img decoding=\"async\" class=\"alignnone size-full wp-image-554\" src=\"https:\/\/hsxsmarthome.com\/wp-content\/uploads\/2026\/03\/XY-E.jpg\" alt=\"\" width=\"520\" height=\"96\" srcset=\"https:\/\/hsxsmarthome.com\/wp-content\/uploads\/2026\/03\/XY-E.jpg 520w, https:\/\/hsxsmarthome.com\/wp-content\/uploads\/2026\/03\/XY-E-300x55.jpg 300w, https:\/\/hsxsmarthome.com\/wp-content\/uploads\/2026\/03\/XY-E-18x3.jpg 18w\" sizes=\"(max-width: 520px) 100vw, 520px\" \/><\/p>","protected":false},"featured_media":844,"template":"","meta":[],"product_brand":[],"product_cat":[28],"product_tag":[],"class_list":{"0":"post-553","1":"product","2":"type-product","3":"status-publish","4":"has-post-thumbnail","6":"product_cat-smart-audio-system","8":"first","9":"instock","10":"shipping-taxable","11":"product-type-simple"},"_links":{"self":[{"href":"https:\/\/hsxsmarthome.com\/ar\/wp-json\/wp\/v2\/product\/553","targetHints":{"allow":["GET"]}}],"collection":[{"href":"https:\/\/hsxsmarthome.com\/ar\/wp-json\/wp\/v2\/product"}],"about":[{"href":"https:\/\/hsxsmarthome.com\/ar\/wp-json\/wp\/v2\/types\/product"}],"wp:featuredmedia":[{"embeddable":true,"href":"https:\/\/hsxsmarthome.com\/ar\/wp-json\/wp\/v2\/media\/844"}],"wp:attachment":[{"href":"https:\/\/hsxsmarthome.com\/ar\/wp-json\/wp\/v2\/media?parent=553"}],"wp:term":[{"taxonomy":"product_brand","embeddable":true,"href":"https:\/\/hsxsmarthome.com\/ar\/wp-json\/wp\/v2\/product_brand?post=553"},{"taxonomy":"product_cat","embeddable":true,"href":"https:\/\/hsxsmarthome.com\/ar\/wp-json\/wp\/v2\/product_cat?post=553"},{"taxonomy":"product_tag","embeddable":true,"href":"https:\/\/hsxsmarthome.com\/ar\/wp-json\/wp\/v2\/product_tag?post=553"}],"curies":[{"name":"\u062f\u0628\u0644\u064a\u0648 \u0628\u064a","href":"https:\/\/api.w.org\/{rel}","templated":true}]}}